{"id":1058,"date":"2023-05-26T08:25:16","date_gmt":"2023-05-26T08:25:16","guid":{"rendered":"https:\/\/www.reg-solutions.de\/?page_id=1058"},"modified":"2023-06-30T07:52:48","modified_gmt":"2023-06-30T07:52:48","slug":"ueber-uns","status":"publish","type":"page","link":"https:\/\/www.reg-solutions.de\/en\/ueber-uns","title":{"rendered":"About us"},"content":{"rendered":"<div class=\"wp-block-group has-global-padding is-layout-constrained wp-block-group-is-layout-constrained\">\n<div class=\"wp-block-columns is-layout-flex wp-container-core-columns-is-layout-28f84493 wp-block-columns-is-layout-flex\">\n<div class=\"wp-block-column is-layout-flow wp-block-column-is-layout-flow\" style=\"flex-basis:75%\">\n<p><\/p>\n\n\n\n<p><strong>Digital solutions for regulatory compliance.<\/strong><\/p>\n\n\n\n<p>We support you in finding efficient solutions for current challenges in regulatory topics.<\/p>\n\n\n\n<p>In our projects on regulation, reporting and risk management in the banking environment, we have developed an intense aversion to time-consuming routine activities and inefficiencies: All too often, anitquated and ill-suited tools are used to solve current problems.<\/p>\n\n\n\n<p>Reg Solutions GmbH was founded in 2021 out of the joy of finding effective solutions to regulatory challenges with the latest technology. <\/p>\n<\/div>\n\n\n\n<div class=\"wp-block-column is-layout-flow wp-block-column-is-layout-flow\" style=\"flex-basis:25%\">\n<figure class=\"wp-block-image size-full\"><img loading=\"lazy\" decoding=\"async\" width=\"247\" height=\"322\" src=\"https:\/\/www.reg-solutions.de\/wp-content\/uploads\/2023\/05\/ogruenig_sw.webp\" alt=\"\" class=\"wp-image-1066\" srcset=\"https:\/\/www.reg-solutions.de\/wp-content\/uploads\/2023\/05\/ogruenig_sw.webp 247w, https:\/\/www.reg-solutions.de\/wp-content\/uploads\/2023\/05\/ogruenig_sw-230x300.webp 230w\" sizes=\"auto, (max-width: 247px) 100vw, 247px\" \/><\/figure>\n<\/div>\n<\/div>\n<\/div>\n\n\n\n<div class=\"wp-block-group has-global-padding is-layout-constrained wp-block-group-is-layout-constrained\">\n<p>We are your partner for consulting and software solutions in the banking environment!<\/p>\n\n\n\n<div class=\"wp-block-columns is-layout-flex wp-container-core-columns-is-layout-28f84493 wp-block-columns-is-layout-flex\">\n<div class=\"wp-block-column is-layout-flow wp-block-column-is-layout-flow\">\n<figure class=\"wp-block-image size-full\"><img loading=\"lazy\" decoding=\"async\" width=\"78\" height=\"70\" src=\"https:\/\/www.reg-solutions.de\/wp-content\/uploads\/2023\/05\/regulatorik-icon.webp\" alt=\"\" class=\"wp-image-1085\"\/><\/figure>\n\n\n\n<p>Regulatory<\/p>\n<\/div>\n\n\n\n<div class=\"wp-block-column is-layout-flow wp-block-column-is-layout-flow\">\n<figure class=\"wp-block-image size-full\"><img loading=\"lazy\" decoding=\"async\" width=\"95\" height=\"87\" src=\"https:\/\/www.reg-solutions.de\/wp-content\/uploads\/2023\/05\/reporting-icon.webp\" alt=\"\" class=\"wp-image-1086\"\/><\/figure>\n\n\n\n<p>Reporting<\/p>\n<\/div>\n\n\n\n<div class=\"wp-block-column is-layout-flow wp-block-column-is-layout-flow\">\n<figure class=\"wp-block-image size-full\"><img loading=\"lazy\" decoding=\"async\" width=\"98\" height=\"98\" src=\"https:\/\/www.reg-solutions.de\/wp-content\/uploads\/2023\/05\/risikomanagement-icon.webp\" alt=\"\" class=\"wp-image-1087\"\/><\/figure>\n\n\n\n<p>Risk management<\/p>\n<\/div>\n<\/div>\n<\/div>\n\n\n\n<div class=\"wp-block-group kontakt-aufnehmen has-global-padding is-layout-constrained wp-block-group-is-layout-constrained\">\n<div class=\"wp-block-columns is-layout-flex wp-container-core-columns-is-layout-28f84493 wp-block-columns-is-layout-flex\">\n<div class=\"wp-block-column is-layout-flow wp-block-column-is-layout-flow\" style=\"flex-basis:66.66%\">\n<p>Contact us now!<\/p>\n\n\n\n<p>If you have any questions or are interested in our services, we are always at your disposal.<\/p>\n<\/div>\n\n\n\n<div class=\"wp-block-column is-layout-flow wp-block-column-is-layout-flow\" style=\"flex-basis:33.33%\">\n<div class=\"wp-block-buttons is-layout-flex wp-block-buttons-is-layout-flex\">\n<div class=\"wp-block-button\"><a class=\"wp-block-button__link wp-element-button\" href=\"https:\/\/www.reg-solutions.de\/en\/kontakt\/\">Contact us<\/a><\/div>\n<\/div>\n<\/div>\n<\/div>\n<\/div>","protected":false},"excerpt":{"rendered":"<p>Digitale L\u00f6sungen f\u00fcr regulatorische Compliance. Wir unterst\u00fctzen Sie dabei, f\u00fcr aktuelle Herausforderungen in regulatorischen Themen effiziente L\u00f6sungen zu finden. In unseren Projekten zu Regulatorik, Reporting und Risikomanagement im Bankenumfeld haben wir \u00fcber viele Jahre eine intensive Abneigung gegen aufw\u00e4ndige Routinet\u00e4tigkeiten und Ineffizienzen entwickelt: Allzu oft sind Werkzeuge von vorgestern im Einsatz, um an aktuellen Problemen [&hellip;]<\/p>","protected":false},"author":1,"featured_media":0,"parent":0,"menu_order":0,"comment_status":"closed","ping_status":"closed","template":"","meta":{"footnotes":""},"class_list":["post-1058","page","type-page","status-publish","hentry"],"_links":{"self":[{"href":"https:\/\/www.reg-solutions.de\/en\/wp-json\/wp\/v2\/pages\/1058","targetHints":{"allow":["GET"]}}],"collection":[{"href":"https:\/\/www.reg-solutions.de\/en\/wp-json\/wp\/v2\/pages"}],"about":[{"href":"https:\/\/www.reg-solutions.de\/en\/wp-json\/wp\/v2\/types\/page"}],"author":[{"embeddable":true,"href":"https:\/\/www.reg-solutions.de\/en\/wp-json\/wp\/v2\/users\/1"}],"replies":[{"embeddable":true,"href":"https:\/\/www.reg-solutions.de\/en\/wp-json\/wp\/v2\/comments?post=1058"}],"version-history":[{"count":10,"href":"https:\/\/www.reg-solutions.de\/en\/wp-json\/wp\/v2\/pages\/1058\/revisions"}],"predecessor-version":[{"id":1140,"href":"https:\/\/www.reg-solutions.de\/en\/wp-json\/wp\/v2\/pages\/1058\/revisions\/1140"}],"wp:attachment":[{"href":"https:\/\/www.reg-solutions.de\/en\/wp-json\/wp\/v2\/media?parent=1058"}],"curies":[{"name":"wp","href":"https:\/\/api.w.org\/{rel}","templated":true}]}}