{"id":111,"date":"2023-04-14T08:21:17","date_gmt":"2023-04-14T08:21:17","guid":{"rendered":"http:\/\/s522531366.online.de\/?page_id=111"},"modified":"2023-06-30T08:40:07","modified_gmt":"2023-06-30T08:40:07","slug":"impressum","status":"publish","type":"page","link":"https:\/\/www.reg-solutions.de\/en\/impressum","title":{"rendered":"Imprint"},"content":{"rendered":"<h2 class=\"wp-block-heading\">Verantwortlich<\/h2>\n\n\n\n<p>Reg Solutions GmbH<br>Stolbergstr. 1<br>D-65817 Eppstein<\/p>\n\n\n\n<p>Registergericht: AG K\u00f6nigstein im Taunus, HRB 11040<br><\/p>\n\n\n\n<p>USt-IdNr: DE348467296<br>Gesch\u00e4ftsf\u00fchrer: Olaf Gr\u00fcnig<\/p>\n\n\n\n<p>Verantwortlich f\u00fcr Web-Inhalte (\u00a7 5 TMG):<br>Olaf Gr\u00fcnig<\/p>\n\n\n\n<div style=\"height:20px\" aria-hidden=\"true\" class=\"wp-block-spacer\"><\/div>\n\n\n\n<h2 class=\"wp-block-heading\">Contact<\/h2>\n\n\n\n<p>Telefon: 06198 3077732<br>E-Mail: info@reg-solutions.de<\/p>","protected":false},"excerpt":{"rendered":"<p>Verantwortlich Reg Solutions GmbHStolbergstr. 1D-65817 Eppstein Registergericht: AG K\u00f6nigstein im Taunus, HRB 11040 USt-IdNr: DE348467296Gesch\u00e4ftsf\u00fchrer: Olaf Gr\u00fcnig Verantwortlich f\u00fcr Web-Inhalte (\u00a7 5 TMG):Olaf Gr\u00fcnig Kontakt Telefon: 06198 3077732E-Mail: info@reg-solutions.de<\/p>","protected":false},"author":1,"featured_media":0,"parent":0,"menu_order":0,"comment_status":"closed","ping_status":"closed","template":"","meta":{"footnotes":""},"class_list":["post-111","page","type-page","status-publish","hentry"],"_links":{"self":[{"href":"https:\/\/www.reg-solutions.de\/en\/wp-json\/wp\/v2\/pages\/111","targetHints":{"allow":["GET"]}}],"collection":[{"href":"https:\/\/www.reg-solutions.de\/en\/wp-json\/wp\/v2\/pages"}],"about":[{"href":"https:\/\/www.reg-solutions.de\/en\/wp-json\/wp\/v2\/types\/page"}],"author":[{"embeddable":true,"href":"https:\/\/www.reg-solutions.de\/en\/wp-json\/wp\/v2\/users\/1"}],"replies":[{"embeddable":true,"href":"https:\/\/www.reg-solutions.de\/en\/wp-json\/wp\/v2\/comments?post=111"}],"version-history":[{"count":8,"href":"https:\/\/www.reg-solutions.de\/en\/wp-json\/wp\/v2\/pages\/111\/revisions"}],"predecessor-version":[{"id":1020,"href":"https:\/\/www.reg-solutions.de\/en\/wp-json\/wp\/v2\/pages\/111\/revisions\/1020"}],"wp:attachment":[{"href":"https:\/\/www.reg-solutions.de\/en\/wp-json\/wp\/v2\/media?parent=111"}],"curies":[{"name":"wp","href":"https:\/\/api.w.org\/{rel}","templated":true}]}}