{"id":115,"date":"2023-04-14T08:24:43","date_gmt":"2023-04-14T08:24:43","guid":{"rendered":"http:\/\/s522531366.online.de\/?page_id=115"},"modified":"2023-11-03T09:50:43","modified_gmt":"2023-11-03T09:50:43","slug":"ocir-mapper","status":"publish","type":"page","link":"https:\/\/www.reg-solutions.de\/en\/ocir-mapper","title":{"rendered":"OCIR Mapper\u00a0"},"content":{"rendered":"<div class=\"wp-block-group introduction has-global-padding is-layout-constrained wp-block-group-is-layout-constrained\">\n<div class=\"wp-block-columns is-layout-flex wp-container-core-columns-is-layout-28f84493 wp-block-columns-is-layout-flex\">\n<div class=\"wp-block-column is-layout-flow wp-block-column-is-layout-flow\">\n<p>Our Risk Management software for banks implements the service catalogue for SRB resolution planning, including analysis and reporting.<\/p>\n\n\n\n<div class=\"wp-block-buttons is-layout-flex wp-block-buttons-is-layout-flex\">\n<div class=\"wp-block-button\"><a class=\"wp-block-button__link wp-element-button\" href=\"https:\/\/www.reg-solutions.de\/en\/kontakt\/\">Contact us now!<\/a><\/div>\n<\/div>\n<\/div>\n\n\n\n<div class=\"wp-block-column is-layout-flow wp-block-column-is-layout-flow\">\n<figure class=\"wp-block-gallery has-nested-images columns-default is-cropped wp-block-gallery-1 is-layout-flex wp-block-gallery-is-layout-flex\">\n<figure class=\"wp-block-image size-large\"><img loading=\"lazy\" decoding=\"async\" width=\"1024\" height=\"606\" data-id=\"896\" src=\"https:\/\/www.reg-solutions.de\/wp-content\/uploads\/2023\/05\/ocirmapper-transparent-1024x606.webp\" alt=\"\" class=\"wp-image-896\" srcset=\"https:\/\/www.reg-solutions.de\/wp-content\/uploads\/2023\/05\/ocirmapper-transparent-1024x606.webp 1024w, https:\/\/www.reg-solutions.de\/wp-content\/uploads\/2023\/05\/ocirmapper-transparent-300x178.webp 300w, https:\/\/www.reg-solutions.de\/wp-content\/uploads\/2023\/05\/ocirmapper-transparent-768x455.webp 768w, https:\/\/www.reg-solutions.de\/wp-content\/uploads\/2023\/05\/ocirmapper-transparent-1536x910.webp 1536w, https:\/\/www.reg-solutions.de\/wp-content\/uploads\/2023\/05\/ocirmapper-transparent-2048x1213.webp 2048w\" sizes=\"auto, (max-width: 1024px) 100vw, 1024px\" \/><\/figure>\n<\/figure>\n<\/div>\n<\/div>\n<\/div>\n\n\n\n<div class=\"wp-block-group problem has-global-padding is-layout-constrained wp-block-group-is-layout-constrained\">\n<h2 class=\"wp-block-heading\">How do you implement the OCIR service catalogue?<\/h2>\n\n\n\n<p><strong>European banks must identify their critical service providers, IT systems, contracts and personnel to ensure operational continuity in resolution (OCIR).<\/strong><\/p>\n\n\n\n<div style=\"height:20px\" aria-hidden=\"true\" class=\"wp-block-spacer\"><\/div>\n\n\n\n<figure class=\"wp-block-image size-large\"><img loading=\"lazy\" decoding=\"async\" width=\"1024\" height=\"516\" src=\"https:\/\/www.reg-solutions.de\/wp-content\/uploads\/2023\/06\/ocir-diagram-en-scaled.webp\" alt=\"\" class=\"wp-image-1014\" srcset=\"https:\/\/www.reg-solutions.de\/wp-content\/uploads\/2023\/06\/ocir-diagram-en-scaled.webp 2560w, https:\/\/www.reg-solutions.de\/wp-content\/uploads\/2023\/06\/ocir-diagram-en-300x151.webp 300w, https:\/\/www.reg-solutions.de\/wp-content\/uploads\/2023\/06\/ocir-diagram-en-1024x516.webp 1024w, https:\/\/www.reg-solutions.de\/wp-content\/uploads\/2023\/06\/ocir-diagram-en-768x387.webp 768w, https:\/\/www.reg-solutions.de\/wp-content\/uploads\/2023\/06\/ocir-diagram-en-1536x774.webp 1536w, https:\/\/www.reg-solutions.de\/wp-content\/uploads\/2023\/06\/ocir-diagram-en-2048x1031.webp 2048w\" sizes=\"auto, (max-width: 1024px) 100vw, 1024px\" \/><\/figure>\n\n\n\n<p>Resolution planning \u2013 i.e. preparing for their own resolution in the event of a crisis \u2013 is a current challenge for credit institutions. Within the framework of \u201eOCIR\u201c \u2013 short for \u201eoperational continuity in resolution\u201c \u2013 banks are to ensure that they can continue to provide critical functions in the event of resolution. A \u201eservice catalogue\u201c must show which of the bank\u2019s services are required in the event of resolution and what dependencies these have with regards to IT systems, contracts and personnel.<\/p>\n\n\n\n<p>Many banks initially make do with semi-manual spreadsheet based solutions, but quickly run into problems:<\/p>\n\n\n\n<ul class=\"wp-block-list\">\n<li>due to multiple dependencies, the representation is complex and error-prone<\/li>\n\n\n\n<li>manual data preparation is time-consuming<\/li>\n\n\n\n<li>an IT solution (\u201eMIS\u201c) with search\/reporting functionality is explicitly required by the regulators<\/li>\n<\/ul>\n<\/div>\n\n\n\n<div class=\"wp-block-group loesung has-global-padding is-layout-constrained wp-block-group-is-layout-constrained\">\n<div class=\"wp-block-group has-global-padding is-layout-constrained wp-block-group-is-layout-constrained\">\n<h2 class=\"wp-block-heading\">Our solution<\/h2>\n\n\n\n<figure class=\"wp-block-embed is-type-video is-provider-youtube wp-block-embed-youtube wp-embed-aspect-16-9 wp-has-aspect-ratio\"><div class=\"wp-block-embed__wrapper\">\n<iframe loading=\"lazy\" title=\"OCIR Mapper - f\u00fcr die SRB Abwicklungsplanung\" width=\"500\" height=\"281\" src=\"https:\/\/www.youtube.com\/embed\/2neiGYA_SpA?feature=oembed\" frameborder=\"0\" allow=\"accelerometer; autoplay; clipboard-write; encrypted-media; gyroscope; picture-in-picture; web-share\" referrerpolicy=\"strict-origin-when-cross-origin\" allowfullscreen><\/iframe>\n<\/div><\/figure>\n\n\n\n<p>We offer a reliable software solution which helps you limit the manual effort:<\/p>\n\n\n\n<div class=\"wp-block-columns is-layout-flex wp-container-core-columns-is-layout-28f84493 wp-block-columns-is-layout-flex\">\n<div class=\"wp-block-column is-layout-flow wp-block-column-is-layout-flow\">\n<p><span class=\"important\">Transparent presentation<\/span><br>of critical IT systems, services, contracts and personnel<\/p>\n<\/div>\n\n\n\n<div class=\"wp-block-column is-layout-flow wp-block-column-is-layout-flow\">\n<p><span class=\"important\">Simple import and export<\/span><br>possible in Excel format<\/p>\n<\/div>\n\n\n\n<div class=\"wp-block-column is-layout-flow wp-block-column-is-layout-flow\">\n<p><span class=\"important\">Service catalogue<\/span><br>with search function and various analysis options<\/p>\n<\/div>\n<\/div>\n\n\n\n<div class=\"wp-block-columns is-layout-flex wp-container-core-columns-is-layout-28f84493 wp-block-columns-is-layout-flex\">\n<div class=\"wp-block-column is-layout-flow wp-block-column-is-layout-flow\">\n<p><span class=\"important\">Critical contracts and service providers<\/span><br>can be reported and analysed<\/p>\n<\/div>\n\n\n\n<div class=\"wp-block-column is-layout-flow wp-block-column-is-layout-flow\">\n<p><span class=\"important\"> SRB\/EBA forms<\/span><br>can be filled automatically<br>(CIR Z 8, Z 10)<\/p>\n<\/div>\n\n\n\n<div class=\"wp-block-column is-layout-flow wp-block-column-is-layout-flow\">\n<p><span class=\"important\">Modern web solution<\/span><br>available in the cloud (SaaS) <br>or locally (on premises)<\/p>\n<\/div>\n<\/div>\n<\/div>\n<\/div>\n\n\n\n<div class=\"wp-block-group kontakt-aufnehmen has-global-padding is-layout-constrained wp-block-group-is-layout-constrained\">\n<div class=\"wp-block-columns is-layout-flex wp-container-core-columns-is-layout-28f84493 wp-block-columns-is-layout-flex\">\n<div class=\"wp-block-column is-layout-flow wp-block-column-is-layout-flow\" style=\"flex-basis:66.66%\">\n<p>Contact us now!<\/p>\n\n\n\n<p>If you have any questions or are interested in our services, we are always at your disposal.<\/p>\n<\/div>\n\n\n\n<div class=\"wp-block-column is-layout-flow wp-block-column-is-layout-flow\" style=\"flex-basis:33.33%\">\n<div class=\"wp-block-buttons is-layout-flex wp-block-buttons-is-layout-flex\">\n<div class=\"wp-block-button\"><a class=\"wp-block-button__link wp-element-button\" href=\"https:\/\/www.reg-solutions.de\/en\/kontakt\/\">Contact us<\/a><\/div>\n<\/div>\n<\/div>\n<\/div>\n<\/div>","protected":false},"excerpt":{"rendered":"<p>Unsere Risikomanagement-Software f\u00fcr Banken setzt den Service-Katalog f\u00fcr die SRB Abwicklungsplanung um, einschlie\u00dflich Analyse und Reporting. Wie setzen Sie den OCIR Service-Katalog um? Europ\u00e4ische Banken m\u00fcssen ihre kritischen Dienstleister, IT-Systeme und Vertr\u00e4ge sowie Personal identifizieren, um die operationelle Betriebskontinuit\u00e4t im Abwicklungsfall (OCIR) sicherzustellen. Die Abwicklungsplanung &#8211; also die Vorbereitung der eigenen Abwicklung im Krisenfall &#8211; [&hellip;]<\/p>","protected":false},"author":1,"featured_media":0,"parent":0,"menu_order":0,"comment_status":"closed","ping_status":"closed","template":"","meta":{"footnotes":""},"class_list":["post-115","page","type-page","status-publish","hentry"],"_links":{"self":[{"href":"https:\/\/www.reg-solutions.de\/en\/wp-json\/wp\/v2\/pages\/115","targetHints":{"allow":["GET"]}}],"collection":[{"href":"https:\/\/www.reg-solutions.de\/en\/wp-json\/wp\/v2\/pages"}],"about":[{"href":"https:\/\/www.reg-solutions.de\/en\/wp-json\/wp\/v2\/types\/page"}],"author":[{"embeddable":true,"href":"https:\/\/www.reg-solutions.de\/en\/wp-json\/wp\/v2\/users\/1"}],"replies":[{"embeddable":true,"href":"https:\/\/www.reg-solutions.de\/en\/wp-json\/wp\/v2\/comments?post=115"}],"version-history":[{"count":52,"href":"https:\/\/www.reg-solutions.de\/en\/wp-json\/wp\/v2\/pages\/115\/revisions"}],"predecessor-version":[{"id":1245,"href":"https:\/\/www.reg-solutions.de\/en\/wp-json\/wp\/v2\/pages\/115\/revisions\/1245"}],"wp:attachment":[{"href":"https:\/\/www.reg-solutions.de\/en\/wp-json\/wp\/v2\/media?parent=115"}],"curies":[{"name":"wp","href":"https:\/\/api.w.org\/{rel}","templated":true}]}}