{"id":1249,"date":"2026-01-14T14:17:38","date_gmt":"2026-01-14T14:17:38","guid":{"rendered":"https:\/\/www.reg-solutions.de\/?page_id=1249"},"modified":"2026-01-21T08:33:35","modified_gmt":"2026-01-21T08:33:35","slug":"digitale-geschaeftsprozesse-ki","status":"publish","type":"page","link":"https:\/\/www.reg-solutions.de\/en\/digitale-geschaeftsprozesse-ki","title":{"rendered":"Digital Business Processes &amp; AI"},"content":{"rendered":"<p>Digitalization of business processes is no longer just a matter of efficiency; it is also a factor of competitiveness. The latest developments in artificial intelligence (AI) open up entirely new possibilities in this area: tasks that used to be done exclusively manually can now be intelligently supported or fully taken over by AI-based automation.<\/p>\n\n\n\n<p><strong>Wir unterst\u00fctzen Sie dabei, Ihre Gesch\u00e4ftsprozesse zu analysieren, zu digitalisieren und mit moderner Technologie zu optimieren.<\/strong><\/p>\n\n\n\n<h2 class=\"wp-block-heading\">Our approach<\/h2>\n\n\n\n<p>Basis f\u00fcr eine erfolgreiche Automatisierung ist die Transparenz \u00fcber bestehende Abl\u00e4ufe. Wir modellieren Ihre Prozesse (mittels BPMN) gemeinsam mit den Fachabteilungen und schaffen eine solide Grundlage f\u00fcr deren IT-seitige Umsetzung und ggf. sp\u00e4tere KI-Unterst\u00fctzung.<\/p>\n\n\n\n<p><a><\/a>In a structured approach, we determine for each process the most suitable type of automation:<\/p>\n\n\n\n<ol class=\"wp-block-list\">\n<li><strong>Rule-based automation<\/strong>when the process can be clearly defined by simple business rules.<\/li>\n\n\n\n<li><strong>Manual processing with AI support<\/strong>when human decisions are required, but sub-tasks can be accelerated with AI support (e.g., text analysis, knowledge queries).<\/li>\n\n\n\n<li><strong>Fully automated processes with AI<\/strong>, etwa durch API-gest\u00fctzte Anbindung an Large Language Models (LLMs) wie GPT, Mistral oder Gemini.<\/li>\n<\/ol>\n\n\n\n<h2 class=\"wp-block-heading\">Our services<\/h2>\n\n\n\n<div class=\"wp-block-group loesung has-global-padding is-layout-constrained wp-block-group-is-layout-constrained\">\n<div class=\"wp-block-group has-global-padding is-layout-constrained wp-block-group-is-layout-constrained\">\n<div class=\"wp-block-columns is-layout-flex wp-container-core-columns-is-layout-28f84493 wp-block-columns-is-layout-flex\">\n<div class=\"wp-block-column is-layout-flow wp-block-column-is-layout-flow\">\n<p><strong>Business Analysis &amp; Process Modeling:<\/strong><br>Visual representation of processes (BPMN), close coordination with business departments, and IT implementation design.<\/p>\n<\/div>\n\n\n\n<div class=\"wp-block-column is-layout-flow wp-block-column-is-layout-flow\">\n<p><strong>Interface design:<\/strong><br>Integration with existing systems and external platforms (e.g., REST APIs, RPA).<\/p>\n<\/div>\n\n\n\n<div class=\"wp-block-column is-layout-flow wp-block-column-is-layout-flow\">\n<p><strong>AI support:<\/strong><br>Identification of relevant process steps and assessment of suitable AI technologies.<\/p>\n<\/div>\n<\/div>\n\n\n\n<div class=\"wp-block-columns is-layout-flex wp-container-core-columns-is-layout-28f84493 wp-block-columns-is-layout-flex\">\n<div class=\"wp-block-column is-layout-flow wp-block-column-is-layout-flow\">\n<p><strong>Data storage &amp; security:<\/strong><br>Building data-protection compliant vector databases (e.g., PostgreSQL, Qdrant) for enterprise-specific knowledge.<\/p>\n<\/div>\n\n\n\n<div class=\"wp-block-column is-layout-flow wp-block-column-is-layout-flow\">\n<p><strong>Technical implementation:<\/strong><br>Implementation of workflows, especially with proven engines such as <em>Camunda BPM.<\/em>.<\/p>\n<\/div>\n\n\n\n<div class=\"wp-block-column is-layout-flow wp-block-column-is-layout-flow\">\n<p><strong>Project management: <\/strong><br>Planning and coordination of tasks and resources ensures you achieve your goal within time &amp; budget.<\/p>\n<\/div>\n<\/div>\n<\/div>\n\n\n\n<h2 class=\"wp-block-heading\">Your benefits<\/h2>\n\n\n\n<ul class=\"wp-block-list\">\n<li>Faster and more transparent processes<\/li>\n\n\n\n<li>Reduced manual effort<\/li>\n\n\n\n<li>Employees are relieved of repetitive duties, freeing up time for more valuable tasks.<\/li>\n\n\n\n<li>Future-proof IT infrastructure as a basis for continuous innovation<\/li>\n<\/ul>\n<\/div>\n\n\n\n<div style=\"height:100px\" aria-hidden=\"true\" class=\"wp-block-spacer\"><\/div>\n\n\n\n<div class=\"wp-block-group kontakt-aufnehmen has-global-padding is-layout-constrained wp-block-group-is-layout-constrained\">\n<div class=\"wp-block-columns is-layout-flex wp-container-core-columns-is-layout-28f84493 wp-block-columns-is-layout-flex\">\n<div class=\"wp-block-column is-layout-flow wp-block-column-is-layout-flow\" style=\"flex-basis:66.66%\">\n<p><strong>Contact us now!<\/strong><\/p>\n\n\n\n<p>If you have any questions or are interested in our services, we are always at your disposal.<\/p>\n<\/div>\n\n\n\n<div class=\"wp-block-column is-layout-flow wp-block-column-is-layout-flow\" style=\"flex-basis:33.33%\">\n<div class=\"wp-block-buttons is-layout-flex wp-block-buttons-is-layout-flex\">\n<div class=\"wp-block-button\"><a class=\"wp-block-button__link wp-element-button\" href=\"https:\/\/www.reg-solutions.de\/en\/kontakt\/\">Contact us<\/a><\/div>\n<\/div>\n<\/div>\n<\/div>\n<\/div>","protected":false},"excerpt":{"rendered":"<p>Die Digitalisierung von Gesch\u00e4ftsprozessen ist heute nicht mehr nur eine Frage der Effizienz, sondern zunehmend ein Faktor f\u00fcr Wettbewerbsf\u00e4higkeit. Durch die neuesten Entwicklungen im Bereich K\u00fcnstliche Intelligenz (KI) er\u00f6ffnen sich hier v\u00f6llig neue M\u00f6glichkeiten: T\u00e4tigkeiten, die fr\u00fcher ausschlie\u00dflich manuell erledigt werden konnten, lassen sich nun mit KI-gest\u00fctzter Automatisierung intelligent unterst\u00fctzen oder vollst\u00e4ndig \u00fcbernehmen. Wir unterst\u00fctzen [&hellip;]<\/p>","protected":false},"author":1,"featured_media":0,"parent":0,"menu_order":0,"comment_status":"closed","ping_status":"closed","template":"","meta":{"footnotes":""},"class_list":["post-1249","page","type-page","status-publish","hentry"],"_links":{"self":[{"href":"https:\/\/www.reg-solutions.de\/en\/wp-json\/wp\/v2\/pages\/1249","targetHints":{"allow":["GET"]}}],"collection":[{"href":"https:\/\/www.reg-solutions.de\/en\/wp-json\/wp\/v2\/pages"}],"about":[{"href":"https:\/\/www.reg-solutions.de\/en\/wp-json\/wp\/v2\/types\/page"}],"author":[{"embeddable":true,"href":"https:\/\/www.reg-solutions.de\/en\/wp-json\/wp\/v2\/users\/1"}],"replies":[{"embeddable":true,"href":"https:\/\/www.reg-solutions.de\/en\/wp-json\/wp\/v2\/comments?post=1249"}],"version-history":[{"count":15,"href":"https:\/\/www.reg-solutions.de\/en\/wp-json\/wp\/v2\/pages\/1249\/revisions"}],"predecessor-version":[{"id":1281,"href":"https:\/\/www.reg-solutions.de\/en\/wp-json\/wp\/v2\/pages\/1249\/revisions\/1281"}],"wp:attachment":[{"href":"https:\/\/www.reg-solutions.de\/en\/wp-json\/wp\/v2\/media?parent=1249"}],"curies":[{"name":"wp","href":"https:\/\/api.w.org\/{rel}","templated":true}]}}