{"id":15,"date":"2023-04-05T13:21:11","date_gmt":"2023-04-05T13:21:11","guid":{"rendered":"http:\/\/s522531366.online.de\/?page_id=15"},"modified":"2023-06-30T07:29:45","modified_gmt":"2023-06-30T07:29:45","slug":"regsolutions","status":"publish","type":"page","link":"https:\/\/www.reg-solutions.de\/en\/","title":{"rendered":"Reg Solutions"},"content":{"rendered":"<h2 class=\"wp-block-heading unterueberschrift\"><span>Digital Solutions<br>for Regulatory Compliance<\/span><\/h2>\n\n\n\n<div class=\"wp-block-group leistungen has-global-padding is-layout-constrained wp-block-group-is-layout-constrained\">\n<div class=\"wp-block-group has-global-padding is-layout-constrained wp-block-group-is-layout-constrained\">\n<div class=\"wp-block-group unsere-leistungen has-global-padding is-layout-constrained wp-block-group-is-layout-constrained\">\n<h2 class=\"wp-block-heading\" id=\"leistungen\">Our services<\/h2>\n\n\n\n<p>We help our clients find efficient solutions to their challenges in regulatory compliance.<\/p>\n\n\n\n<\/div>\n<\/div>\n<\/div>\n\n\n\n<div class=\"wp-block-columns usps is-layout-flex wp-container-core-columns-is-layout-28f84493 wp-block-columns-is-layout-flex\">\n<div class=\"wp-block-column is-layout-flow wp-block-column-is-layout-flow\">\n<div class=\"wp-block-group has-global-padding is-layout-constrained wp-block-group-is-layout-constrained\">\n<figure class=\"wp-block-image size-full\"><img loading=\"lazy\" decoding=\"async\" width=\"101\" height=\"101\" src=\"https:\/\/www.reg-solutions.de\/wp-content\/uploads\/2023\/04\/erfahrung-icon.webp\" alt=\"\" class=\"wp-image-760\"\/><\/figure>\n\n\n\n<p class=\"usp-text\">Professional experience&nbsp;<\/p>\n\n\n\n<p>We understand your business challenges.<\/p>\n<\/div>\n<\/div>\n\n\n\n<div class=\"wp-block-column is-layout-flow wp-block-column-is-layout-flow\">\n<div class=\"wp-block-group has-global-padding is-layout-constrained wp-block-group-is-layout-constrained\">\n<figure class=\"wp-block-image size-full\"><img loading=\"lazy\" decoding=\"async\" width=\"101\" height=\"101\" src=\"https:\/\/www.reg-solutions.de\/wp-content\/uploads\/2023\/05\/up-to-date-icon.webp\" alt=\"\" class=\"wp-image-795\"\/><\/figure>\n\n\n\n<p class=\"usp-text\">Technically up-to-date<\/p>\n\n\n\n<p>Use current technology for your solution \u2013 with security.<\/p>\n<\/div>\n<\/div>\n\n\n\n<div class=\"wp-block-column is-layout-flow wp-block-column-is-layout-flow\">\n<div class=\"wp-block-group has-global-padding is-layout-constrained wp-block-group-is-layout-constrained\">\n<figure class=\"wp-block-image size-full is-resized\"><img loading=\"lazy\" decoding=\"async\" src=\"https:\/\/www.reg-solutions.de\/wp-content\/uploads\/2023\/05\/kundenorientiert-icon.webp\" alt=\"\" class=\"wp-image-794\" width=\"101\" height=\"101\"\/><\/figure>\n\n\n\n<p class=\"usp-text\">Customer-oriented<\/p>\n\n\n\n<p>How can we help you?<\/p>\n<\/div>\n<\/div>\n<\/div>\n\n\n\n<div class=\"wp-block-group kontakt-aufnehmen has-global-padding is-layout-constrained wp-block-group-is-layout-constrained\">\n<div class=\"wp-block-columns is-layout-flex wp-container-core-columns-is-layout-28f84493 wp-block-columns-is-layout-flex\">\n<div class=\"wp-block-column is-layout-flow wp-block-column-is-layout-flow\" style=\"flex-basis:66.66%\">\n<p>Contact us now!<\/p>\n\n\n\n<p>If you have any questions or are interested in our services, we are always at your disposal.<\/p>\n<\/div>\n\n\n\n<div class=\"wp-block-column is-layout-flow wp-block-column-is-layout-flow\" style=\"flex-basis:33.33%\">\n<div class=\"wp-block-buttons is-layout-flex wp-block-buttons-is-layout-flex\">\n<div class=\"wp-block-button\"><a class=\"wp-block-button__link wp-element-button\" href=\"https:\/\/www.reg-solutions.de\/en\/kontakt\/\">Contact us<\/a><\/div>\n<\/div>\n<\/div>\n<\/div>\n<\/div>\n\n\n\n<p><\/p>","protected":false},"excerpt":{"rendered":"<p>Digitale L\u00f6sungenf\u00fcr regulatorische Compliance Unsere Leistungen Wir unterst\u00fctzen unsere Kunden dabei, effiziente L\u00f6sungen f\u00fcr ihre Herausforderungen in der regulatorischen Compliance zu finden. Fachliche Erfahrung&nbsp; Wir verstehen Ihre fachlichen Herausforderungen. Technisch up-to-date Nutzen Sie aktuelle Technik f\u00fcr Ihre L\u00f6sung \u2013 mit Sicherheit. Kundenorientiert Wie k\u00f6nnen wir Ihnen helfen? Nehmen Sie jetzt Kontakt mit uns auf! Bei [&hellip;]<\/p>","protected":false},"author":1,"featured_media":0,"parent":0,"menu_order":0,"comment_status":"closed","ping_status":"closed","template":"","meta":{"footnotes":""},"class_list":["post-15","page","type-page","status-publish","hentry"],"_links":{"self":[{"href":"https:\/\/www.reg-solutions.de\/en\/wp-json\/wp\/v2\/pages\/15","targetHints":{"allow":["GET"]}}],"collection":[{"href":"https:\/\/www.reg-solutions.de\/en\/wp-json\/wp\/v2\/pages"}],"about":[{"href":"https:\/\/www.reg-solutions.de\/en\/wp-json\/wp\/v2\/types\/page"}],"author":[{"embeddable":true,"href":"https:\/\/www.reg-solutions.de\/en\/wp-json\/wp\/v2\/users\/1"}],"replies":[{"embeddable":true,"href":"https:\/\/www.reg-solutions.de\/en\/wp-json\/wp\/v2\/comments?post=15"}],"version-history":[{"count":55,"href":"https:\/\/www.reg-solutions.de\/en\/wp-json\/wp\/v2\/pages\/15\/revisions"}],"predecessor-version":[{"id":990,"href":"https:\/\/www.reg-solutions.de\/en\/wp-json\/wp\/v2\/pages\/15\/revisions\/990"}],"wp:attachment":[{"href":"https:\/\/www.reg-solutions.de\/en\/wp-json\/wp\/v2\/media?parent=15"}],"curies":[{"name":"wp","href":"https:\/\/api.w.org\/{rel}","templated":true}]}}